{"id":34,"date":"2026-01-29T19:34:42","date_gmt":"2026-01-29T19:34:42","guid":{"rendered":"https:\/\/crazybanthai.com\/galerie\/"},"modified":"2026-04-29T17:06:41","modified_gmt":"2026-04-29T16:06:41","slug":"galerie","status":"publish","type":"page","link":"https:\/\/crazybanthai.com\/en\/galerie\/","title":{"rendered":"Galerie"},"content":{"rendered":"<div class=\"wp-block-group alignfull is-style-ext-preset--group--natural-1--section has-background-background-color has-background has-global-padding is-layout-constrained wp-container-core-group-is-layout-f72f1611 wp-block-group-is-layout-constrained is-style-ext-preset--group--natural-1--section--1\" id=\"galerie\" style=\"margin-top:0;margin-bottom:0;padding-top:var(--wp--preset--spacing--70);padding-bottom:var(--wp--preset--spacing--70)\">\n<div class=\"wp-block-group alignwide is-vertical is-layout-flex wp-container-core-group-is-layout-c35747d5 wp-block-group-is-layout-flex\">\n<div class=\"wp-block-group has-global-padding is-layout-constrained wp-container-core-group-is-layout-5e05634a wp-block-group-is-layout-constrained\">\n<h2 class=\"wp-block-heading\">D\u00e9couvrez l&rsquo;Univers Envo\u00fbtant du Crazy Banthai<\/h2>\n\n\n\n<p class=\"has-text-align-left\">Explorez une galerie exclusive capturant l&rsquo;\u00e2me artistique et l&rsquo;ambiance vibrante de notre bar insolite musical. Le bar vous accueille dans une atmosph\u00e8re intimiste tandis que la salle de live music vous transporte dans un lieu unique et cosy.<\/p>\n<\/div>\n<\/div>\n\n\n\n<div class=\"wp-block-columns alignwide are-vertically-aligned-top is-layout-flex wp-container-core-columns-is-layout-87beb0d0 wp-block-columns-is-layout-flex\">\n<div class=\"wp-block-column is-vertically-aligned-top is-layout-flow wp-container-core-column-is-layout-f5bb311e wp-block-column-is-layout-flow\">\n<figure class=\"wp-block-image size-large is-style-ext-preset--image--natural-1--image-1--content-top is-style-ext-preset--image--natural-1--image-1--content-top--2\"><img loading=\"lazy\" decoding=\"async\" width=\"1313\" height=\"985\" src=\"https:\/\/crazybanthai.com\/wp-content\/uploads\/2026\/04\/jc-bar-edited.jpeg\" alt=\"\" class=\"wp-image-324\" style=\"aspect-ratio:1;object-fit:cover\" srcset=\"https:\/\/crazybanthai.com\/wp-content\/uploads\/2026\/04\/jc-bar-edited.jpeg 1313w, https:\/\/crazybanthai.com\/wp-content\/uploads\/2026\/04\/jc-bar-edited-300x225.jpeg 300w, https:\/\/crazybanthai.com\/wp-content\/uploads\/2026\/04\/jc-bar-edited-1024x768.jpeg 1024w, https:\/\/crazybanthai.com\/wp-content\/uploads\/2026\/04\/jc-bar-edited-768x576.jpeg 768w, https:\/\/crazybanthai.com\/wp-content\/uploads\/2026\/04\/jc-bar-edited-16x12.jpeg 16w\" sizes=\"auto, (max-width: 1313px) 100vw, 1313px\" \/><\/figure>\n\n\n\n<figure class=\"wp-block-image size-large is-style-ext-preset--image--natural-1--image-1--content-top is-style-ext-preset--image--natural-1--image-1--content-top--3\"><img loading=\"lazy\" decoding=\"async\" width=\"1024\" height=\"768\" src=\"https:\/\/crazybanthai.com\/wp-content\/uploads\/2026\/04\/cave-crazy-2-1024x768.jpg\" alt=\"\" class=\"wp-image-377\" style=\"aspect-ratio:1;object-fit:cover\" srcset=\"https:\/\/crazybanthai.com\/wp-content\/uploads\/2026\/04\/cave-crazy-2-1024x768.jpg 1024w, https:\/\/crazybanthai.com\/wp-content\/uploads\/2026\/04\/cave-crazy-2-300x225.jpg 300w, https:\/\/crazybanthai.com\/wp-content\/uploads\/2026\/04\/cave-crazy-2-768x576.jpg 768w, https:\/\/crazybanthai.com\/wp-content\/uploads\/2026\/04\/cave-crazy-2-1536x1152.jpg 1536w, https:\/\/crazybanthai.com\/wp-content\/uploads\/2026\/04\/cave-crazy-2-2048x1536.jpg 2048w, https:\/\/crazybanthai.com\/wp-content\/uploads\/2026\/04\/cave-crazy-2-16x12.jpg 16w\" sizes=\"auto, (max-width: 1024px) 100vw, 1024px\" \/><figcaption class=\"wp-element-caption\">Le lieu unique dans Nice<\/figcaption><\/figure>\n<\/div>\n\n\n\n<div class=\"wp-block-column is-vertically-aligned-top is-layout-flow wp-container-core-column-is-layout-f5bb311e wp-block-column-is-layout-flow\">\n<figure class=\"wp-block-image size-large is-style-ext-preset--image--natural-1--image-1--content-top is-style-ext-preset--image--natural-1--image-1--content-top--4\"><img loading=\"lazy\" decoding=\"async\" width=\"768\" height=\"1024\" src=\"https:\/\/crazybanthai.com\/wp-content\/uploads\/2026\/04\/dalida-cocktail-768x1024.jpeg\" alt=\"\" class=\"wp-image-326\" style=\"aspect-ratio:1;object-fit:cover\" srcset=\"https:\/\/crazybanthai.com\/wp-content\/uploads\/2026\/04\/dalida-cocktail-768x1024.jpeg 768w, https:\/\/crazybanthai.com\/wp-content\/uploads\/2026\/04\/dalida-cocktail-225x300.jpeg 225w, https:\/\/crazybanthai.com\/wp-content\/uploads\/2026\/04\/dalida-cocktail-1152x1536.jpeg 1152w, https:\/\/crazybanthai.com\/wp-content\/uploads\/2026\/04\/dalida-cocktail-9x12.jpeg 9w, https:\/\/crazybanthai.com\/wp-content\/uploads\/2026\/04\/dalida-cocktail.jpeg 1440w\" sizes=\"auto, (max-width: 768px) 100vw, 768px\" \/><\/figure>\n\n\n\n<figure class=\"wp-block-image size-large is-style-ext-preset--image--natural-1--image-1--content-top is-style-ext-preset--image--natural-1--image-1--content-top--5\"><img loading=\"lazy\" decoding=\"async\" width=\"999\" height=\"1024\" src=\"https:\/\/crazybanthai.com\/wp-content\/uploads\/2026\/04\/bar-999x1024.jpeg\" alt=\"\" class=\"wp-image-328\" style=\"aspect-ratio:1;object-fit:cover\" srcset=\"https:\/\/crazybanthai.com\/wp-content\/uploads\/2026\/04\/bar-999x1024.jpeg 999w, https:\/\/crazybanthai.com\/wp-content\/uploads\/2026\/04\/bar-293x300.jpeg 293w, https:\/\/crazybanthai.com\/wp-content\/uploads\/2026\/04\/bar-768x787.jpeg 768w, https:\/\/crazybanthai.com\/wp-content\/uploads\/2026\/04\/bar-1498x1536.jpeg 1498w, https:\/\/crazybanthai.com\/wp-content\/uploads\/2026\/04\/bar-12x12.jpeg 12w, https:\/\/crazybanthai.com\/wp-content\/uploads\/2026\/04\/bar.jpeg 1750w\" sizes=\"auto, (max-width: 999px) 100vw, 999px\" \/><\/figure>\n<\/div>\n\n\n\n<div class=\"wp-block-column is-vertically-aligned-top is-layout-flow wp-container-core-column-is-layout-f5bb311e wp-block-column-is-layout-flow\">\n<figure class=\"wp-block-image size-large is-style-ext-preset--image--natural-1--image-1--content-top is-style-ext-preset--image--natural-1--image-1--content-top--6\"><img loading=\"lazy\" decoding=\"async\" width=\"683\" height=\"1024\" src=\"https:\/\/crazybanthai.com\/wp-content\/uploads\/2026\/01\/IMG_6957-683x1024.jpeg\" alt=\"\" class=\"wp-image-144\" style=\"aspect-ratio:1;object-fit:cover\" srcset=\"https:\/\/crazybanthai.com\/wp-content\/uploads\/2026\/01\/IMG_6957-683x1024.jpeg 683w, https:\/\/crazybanthai.com\/wp-content\/uploads\/2026\/01\/IMG_6957-200x300.jpeg 200w, https:\/\/crazybanthai.com\/wp-content\/uploads\/2026\/01\/IMG_6957-768x1152.jpeg 768w, https:\/\/crazybanthai.com\/wp-content\/uploads\/2026\/01\/IMG_6957-1024x1536.jpeg 1024w, https:\/\/crazybanthai.com\/wp-content\/uploads\/2026\/01\/IMG_6957-1365x2048.jpeg 1365w, https:\/\/crazybanthai.com\/wp-content\/uploads\/2026\/01\/IMG_6957-8x12.jpeg 8w, https:\/\/crazybanthai.com\/wp-content\/uploads\/2026\/01\/IMG_6957-scaled.jpeg 1707w\" sizes=\"auto, (max-width: 683px) 100vw, 683px\" \/><\/figure>\n\n\n\n<figure class=\"wp-block-image size-large is-style-ext-preset--image--natural-1--image-1--content-top is-style-ext-preset--image--natural-1--image-1--content-top--7\"><img loading=\"lazy\" decoding=\"async\" width=\"1024\" height=\"782\" src=\"https:\/\/crazybanthai.com\/wp-content\/uploads\/2026\/04\/00531e38-ffe4-4ccb-826c-63de7a163526-1-1024x782.jpg\" alt=\"\" class=\"wp-image-384\" style=\"aspect-ratio:1;object-fit:cover\" srcset=\"https:\/\/crazybanthai.com\/wp-content\/uploads\/2026\/04\/00531e38-ffe4-4ccb-826c-63de7a163526-1-1024x782.jpg 1024w, https:\/\/crazybanthai.com\/wp-content\/uploads\/2026\/04\/00531e38-ffe4-4ccb-826c-63de7a163526-1-300x229.jpg 300w, https:\/\/crazybanthai.com\/wp-content\/uploads\/2026\/04\/00531e38-ffe4-4ccb-826c-63de7a163526-1-768x587.jpg 768w, https:\/\/crazybanthai.com\/wp-content\/uploads\/2026\/04\/00531e38-ffe4-4ccb-826c-63de7a163526-1-1536x1173.jpg 1536w, https:\/\/crazybanthai.com\/wp-content\/uploads\/2026\/04\/00531e38-ffe4-4ccb-826c-63de7a163526-1-16x12.jpg 16w, https:\/\/crazybanthai.com\/wp-content\/uploads\/2026\/04\/00531e38-ffe4-4ccb-826c-63de7a163526-1.jpg 1600w\" sizes=\"auto, (max-width: 1024px) 100vw, 1024px\" \/><\/figure>\n<\/div>\n\n\n\n<div class=\"wp-block-column is-vertically-aligned-top is-layout-flow wp-container-core-column-is-layout-f5bb311e wp-block-column-is-layout-flow\">\n<figure class=\"wp-block-image size-large is-style-ext-preset--image--natural-1--image-1--content-top is-style-ext-preset--image--natural-1--image-1--content-top--8\"><img loading=\"lazy\" decoding=\"async\" width=\"2480\" height=\"2480\" src=\"https:\/\/crazybanthai.com\/wp-content\/uploads\/2026\/04\/baie-des-anges-edited.jpg\" alt=\"\" class=\"wp-image-340\" style=\"aspect-ratio:1;object-fit:cover\" srcset=\"https:\/\/crazybanthai.com\/wp-content\/uploads\/2026\/04\/baie-des-anges-edited.jpg 2480w, https:\/\/crazybanthai.com\/wp-content\/uploads\/2026\/04\/baie-des-anges-edited-300x300.jpg 300w, https:\/\/crazybanthai.com\/wp-content\/uploads\/2026\/04\/baie-des-anges-edited-1024x1024.jpg 1024w, https:\/\/crazybanthai.com\/wp-content\/uploads\/2026\/04\/baie-des-anges-edited-150x150.jpg 150w, https:\/\/crazybanthai.com\/wp-content\/uploads\/2026\/04\/baie-des-anges-edited-768x768.jpg 768w, https:\/\/crazybanthai.com\/wp-content\/uploads\/2026\/04\/baie-des-anges-edited-1536x1536.jpg 1536w, https:\/\/crazybanthai.com\/wp-content\/uploads\/2026\/04\/baie-des-anges-edited-2048x2048.jpg 2048w, https:\/\/crazybanthai.com\/wp-content\/uploads\/2026\/04\/baie-des-anges-edited-12x12.jpg 12w\" sizes=\"auto, (max-width: 2480px) 100vw, 2480px\" \/><\/figure>\n\n\n\n<figure class=\"wp-block-image size-full is-style-ext-preset--image--natural-1--image-1--content-top is-style-ext-preset--image--natural-1--image-1--content-top--9\"><img loading=\"lazy\" decoding=\"async\" width=\"1920\" height=\"2560\" src=\"https:\/\/crazybanthai.com\/wp-content\/uploads\/2026\/04\/ibanez-scaled.jpeg\" alt=\"\" class=\"wp-image-354\" style=\"aspect-ratio:1;object-fit:cover\" srcset=\"https:\/\/crazybanthai.com\/wp-content\/uploads\/2026\/04\/ibanez-scaled.jpeg 1920w, https:\/\/crazybanthai.com\/wp-content\/uploads\/2026\/04\/ibanez-225x300.jpeg 225w, https:\/\/crazybanthai.com\/wp-content\/uploads\/2026\/04\/ibanez-768x1024.jpeg 768w, https:\/\/crazybanthai.com\/wp-content\/uploads\/2026\/04\/ibanez-1152x1536.jpeg 1152w, https:\/\/crazybanthai.com\/wp-content\/uploads\/2026\/04\/ibanez-1536x2048.jpeg 1536w, https:\/\/crazybanthai.com\/wp-content\/uploads\/2026\/04\/ibanez-9x12.jpeg 9w\" sizes=\"auto, (max-width: 1920px) 100vw, 1920px\" \/><\/figure>\n<\/div>\n<\/div>\n<\/div>\n\n\n\n<div class=\"wp-block-group alignfull is-style-ext-preset--group--natural-1--section has-tertiary-background-color has-background has-global-padding is-layout-constrained wp-container-core-group-is-layout-e955bbaf wp-block-group-is-layout-constrained is-style-ext-preset--group--natural-1--section--10\" id=\"evenements\" style=\"margin-top:0;margin-bottom:0;padding-top:var(--wp--preset--spacing--70);padding-bottom:var(--wp--preset--spacing--70)\">\n<div class=\"wp-block-group alignwide is-vertical is-content-justification-center is-layout-flex wp-container-core-group-is-layout-c9ee0c5a wp-block-group-is-layout-flex\">\n<div class=\"wp-block-group has-global-padding is-layout-constrained wp-container-core-group-is-layout-2287c683 wp-block-group-is-layout-constrained\">\n<h2 class=\"wp-block-heading has-text-align-center\">Moments Artistiques Exceptionnels<\/h2>\n\n\n\n<p class=\"has-text-align-center\">D\u00e9couvrez nos prochains rendez-vous au Crazy Banthai, une invitation \u00e0 vivre des instants uniques m\u00ealant musique, art et convivialit\u00e9 au c\u0153ur de Nice.<\/p>\n<\/div>\n<\/div>\n\n\n\n<div class=\"wp-block-group alignwide has-global-padding is-layout-constrained wp-container-core-group-is-layout-6eb5b29a wp-block-group-is-layout-constrained\">\n<div class=\"wp-block-media-text alignwide is-stacked-on-mobile is-image-fill-element is-style-ext-preset--media-text--natural-1--card-1 has-background-background-color has-background is-style-ext-preset--media-text--natural-1--card-1--11\" style=\"grid-template-columns:35% auto\"><figure class=\"wp-block-media-text__media\"><img loading=\"lazy\" decoding=\"async\" width=\"738\" height=\"1024\" src=\"https:\/\/crazybanthai.com\/wp-content\/uploads\/2026\/04\/elodie-1-738x1024.jpeg\" alt=\"\" class=\"wp-image-356 size-full\" style=\"object-position:50% 50%\" srcset=\"https:\/\/crazybanthai.com\/wp-content\/uploads\/2026\/04\/elodie-1-738x1024.jpeg 738w, https:\/\/crazybanthai.com\/wp-content\/uploads\/2026\/04\/elodie-1-216x300.jpeg 216w, https:\/\/crazybanthai.com\/wp-content\/uploads\/2026\/04\/elodie-1-768x1065.jpeg 768w, https:\/\/crazybanthai.com\/wp-content\/uploads\/2026\/04\/elodie-1-1107x1536.jpeg 1107w, https:\/\/crazybanthai.com\/wp-content\/uploads\/2026\/04\/elodie-1-9x12.jpeg 9w, https:\/\/crazybanthai.com\/wp-content\/uploads\/2026\/04\/elodie-1.jpeg 1469w\" sizes=\"auto, (max-width: 738px) 100vw, 738px\" \/><\/figure><div class=\"wp-block-media-text__content\">\n<div class=\"wp-block-group is-style-default has-global-padding is-layout-constrained wp-container-core-group-is-layout-a35945ca wp-block-group-is-layout-constrained\" style=\"padding-top:var(--wp--preset--spacing--30);padding-right:var(--wp--preset--spacing--30);padding-bottom:var(--wp--preset--spacing--30);padding-left:var(--wp--preset--spacing--30)\">\n<h3 class=\"wp-block-heading\" style=\"font-size:clamp(15.747px, 0.984rem + ((1vw - 3.2px) * 0.86), 24px);\">Soir\u00e9e Jazz et Lumi\u00e8res<\/h3>\n\n\n\n<p style=\"margin-top:var(--wp--preset--spacing--20)\">Plongez dans une ambiance feutr\u00e9e avec des performances live et une sc\u00e9nographie lumineuse in\u00e9dite.<\/p>\n<\/div>\n<\/div><\/div>\n\n\n\n<div class=\"wp-block-media-text alignwide is-stacked-on-mobile is-image-fill-element is-style-ext-preset--media-text--natural-1--card-1 has-background-background-color has-background is-style-ext-preset--media-text--natural-1--card-1--12\" style=\"grid-template-columns:35% auto\"><figure class=\"wp-block-media-text__media\"><img loading=\"lazy\" decoding=\"async\" width=\"1024\" height=\"768\" src=\"https:\/\/crazybanthai.com\/wp-content\/uploads\/2026\/01\/IMG_8716-1024x768.jpeg\" alt=\"\" class=\"wp-image-168 size-full\" style=\"object-position:50% 50%\" srcset=\"https:\/\/crazybanthai.com\/wp-content\/uploads\/2026\/01\/IMG_8716-1024x768.jpeg 1024w, https:\/\/crazybanthai.com\/wp-content\/uploads\/2026\/01\/IMG_8716-300x225.jpeg 300w, https:\/\/crazybanthai.com\/wp-content\/uploads\/2026\/01\/IMG_8716-768x576.jpeg 768w, https:\/\/crazybanthai.com\/wp-content\/uploads\/2026\/01\/IMG_8716-1536x1152.jpeg 1536w, https:\/\/crazybanthai.com\/wp-content\/uploads\/2026\/01\/IMG_8716-2048x1536.jpeg 2048w, https:\/\/crazybanthai.com\/wp-content\/uploads\/2026\/01\/IMG_8716-16x12.jpeg 16w\" sizes=\"auto, (max-width: 1024px) 100vw, 1024px\" \/><\/figure><div class=\"wp-block-media-text__content\">\n<div class=\"wp-block-group is-style-default has-global-padding is-layout-constrained wp-container-core-group-is-layout-a35945ca wp-block-group-is-layout-constrained\" style=\"padding-top:var(--wp--preset--spacing--30);padding-right:var(--wp--preset--spacing--30);padding-bottom:var(--wp--preset--spacing--30);padding-left:var(--wp--preset--spacing--30)\">\n<h3 class=\"wp-block-heading\" style=\"font-size:clamp(15.747px, 0.984rem + ((1vw - 3.2px) * 0.86), 24px);\">Cabaret du Crazy : Spectacle Live<\/h3>\n\n\n\n<p style=\"margin-top:var(--wp--preset--spacing--20)\">Assistez \u00e0 un show m\u00ealant musique live, th\u00e9\u00e2tre et jeux de lumi\u00e8re pour une soir\u00e9e inoubliable.<\/p>\n<\/div>\n<\/div><\/div>\n<\/div>\n<\/div>\n\n\n\n<div class=\"wp-block-group alignfull is-style-ext-preset--group--natural-1--section has-background-background-color has-background has-global-padding is-layout-constrained wp-block-group-is-layout-constrained is-style-ext-preset--group--natural-1--section--13\" id=\"a-propos\" style=\"margin-top:0;margin-bottom:0;padding-top:var(--wp--preset--spacing--70);padding-bottom:var(--wp--preset--spacing--70)\">\n<div class=\"wp-block-columns alignwide are-vertically-aligned-center is-layout-flex wp-container-core-columns-is-layout-174606dc wp-block-columns-is-layout-flex\">\n<div class=\"wp-block-column is-vertically-aligned-center is-layout-flow wp-block-column-is-layout-flow\">\n<div class=\"wp-block-group alignwide is-vertical is-layout-flex wp-container-core-group-is-layout-c35747d5 wp-block-group-is-layout-flex\">\n<div class=\"wp-block-group has-global-padding is-layout-constrained wp-container-core-group-is-layout-dd32767c wp-block-group-is-layout-constrained\">\n<h2 class=\"wp-block-heading\">Plongez dans l&rsquo;univers artistique du Crazy Banthai<\/h2>\n\n\n\n<p>Explorez notre passion pour l&rsquo;art et la musique, o\u00f9 chaque cr\u00e9ation refl\u00e8te l&rsquo;\u00e2me vibrante de notre bar unique au c\u0153ur de Nice.<\/p>\n<\/div>\n<\/div>\n<\/div>\n\n\n\n<div class=\"wp-block-column is-vertically-aligned-center is-layout-flow wp-block-column-is-layout-flow\">\n<figure class=\"wp-block-image size-large is-style-ext-preset--image--natural-1--image-1--content-left is-style-ext-preset--image--natural-1--image-1--content-left--14\"><img loading=\"lazy\" decoding=\"async\" width=\"1024\" height=\"576\" src=\"https:\/\/crazybanthai.com\/wp-content\/uploads\/2026\/01\/IMG_2361-1024x576.jpeg\" alt=\"\" class=\"wp-image-172\" style=\"aspect-ratio:1;object-fit:cover\" srcset=\"https:\/\/crazybanthai.com\/wp-content\/uploads\/2026\/01\/IMG_2361-1024x576.jpeg 1024w, https:\/\/crazybanthai.com\/wp-content\/uploads\/2026\/01\/IMG_2361-300x169.jpeg 300w, https:\/\/crazybanthai.com\/wp-content\/uploads\/2026\/01\/IMG_2361-768x432.jpeg 768w, https:\/\/crazybanthai.com\/wp-content\/uploads\/2026\/01\/IMG_2361-1536x864.jpeg 1536w, https:\/\/crazybanthai.com\/wp-content\/uploads\/2026\/01\/IMG_2361-2048x1152.jpeg 2048w, https:\/\/crazybanthai.com\/wp-content\/uploads\/2026\/01\/IMG_2361-18x10.jpeg 18w\" sizes=\"auto, (max-width: 1024px) 100vw, 1024px\" \/><\/figure>\n<\/div>\n<\/div>\n<\/div>","protected":false},"excerpt":{"rendered":"<p>D\u00e9couvrez l&rsquo;Univers Envo\u00fbtant du Crazy Banthai Explorez une galerie exclusive capturant l&rsquo;\u00e2me artistique et l&rsquo;ambiance vibrante de notre bar insolite musical. Le bar vous accueille dans une atmosph\u00e8re intimiste tandis que la salle de live music vous transporte dans un lieu unique et cosy. Moments Artistiques Exceptionnels D\u00e9couvrez nos prochains rendez-vous au Crazy Banthai, une [&hellip;]<\/p>\n","protected":false},"author":1,"featured_media":0,"parent":0,"menu_order":0,"comment_status":"closed","ping_status":"closed","template":"page-with-title","meta":{"footnotes":""},"class_list":["post-34","page","type-page","status-publish","hentry"],"_links":{"self":[{"href":"https:\/\/crazybanthai.com\/en\/wp-json\/wp\/v2\/pages\/34","targetHints":{"allow":["GET"]}}],"collection":[{"href":"https:\/\/crazybanthai.com\/en\/wp-json\/wp\/v2\/pages"}],"about":[{"href":"https:\/\/crazybanthai.com\/en\/wp-json\/wp\/v2\/types\/page"}],"author":[{"embeddable":true,"href":"https:\/\/crazybanthai.com\/en\/wp-json\/wp\/v2\/users\/1"}],"replies":[{"embeddable":true,"href":"https:\/\/crazybanthai.com\/en\/wp-json\/wp\/v2\/comments?post=34"}],"version-history":[{"count":46,"href":"https:\/\/crazybanthai.com\/en\/wp-json\/wp\/v2\/pages\/34\/revisions"}],"predecessor-version":[{"id":475,"href":"https:\/\/crazybanthai.com\/en\/wp-json\/wp\/v2\/pages\/34\/revisions\/475"}],"wp:attachment":[{"href":"https:\/\/crazybanthai.com\/en\/wp-json\/wp\/v2\/media?parent=34"}],"curies":[{"name":"wp","href":"https:\/\/api.w.org\/{rel}","templated":true}]}}