{"id":32,"date":"2026-01-29T19:34:41","date_gmt":"2026-01-29T19:34:41","guid":{"rendered":"https:\/\/crazybanthai.com\/reservation\/"},"modified":"2026-05-03T12:14:35","modified_gmt":"2026-05-03T11:14:35","slug":"reservation","status":"publish","type":"page","link":"https:\/\/crazybanthai.com\/en\/reservation\/","title":{"rendered":"R\u00e9servation"},"content":{"rendered":"<div class=\"wp-block-group alignfull is-style-ext-preset--group--natural-1--section has-background-background-color has-background has-global-padding is-layout-constrained wp-container-core-group-is-layout-ab56ae29 wp-block-group-is-layout-constrained is-style-ext-preset--group--natural-1--section--1\" id=\"reserver-maintenant\" style=\"margin-top:0;margin-bottom:0;padding-top:var(--wp--preset--spacing--70);padding-bottom:var(--wp--preset--spacing--70)\">\n<div class=\"wp-block-group alignwide is-vertical is-content-justification-center is-layout-flex wp-container-core-group-is-layout-c9ee0c5a wp-block-group-is-layout-flex\">\n<div class=\"wp-block-group has-global-padding is-layout-constrained wp-container-core-group-is-layout-dd32767c wp-block-group-is-layout-constrained\">\n<h2 class=\"wp-block-heading has-text-align-center\">R\u00e9servez votre Soir\u00e9e au Cabaret Pacotilles <\/h2>\n\n\n\n<p class=\"has-text-align-center\"><strong>les 15 et 16 mai 2026. Spectacle \u00e0 20h30 Accueil d\u00e8s 19h30<\/strong><\/p>\n\n\n\n<figure class=\"wp-block-image size-large\"><img loading=\"lazy\" decoding=\"async\" width=\"1024\" height=\"488\" src=\"https:\/\/crazybanthai.com\/wp-content\/uploads\/2026\/05\/IMG_8667-1024x488.jpeg\" alt=\"Cabaret Pacotilles\" class=\"wp-image-522\" srcset=\"https:\/\/crazybanthai.com\/wp-content\/uploads\/2026\/05\/IMG_8667-1024x488.jpeg 1024w, https:\/\/crazybanthai.com\/wp-content\/uploads\/2026\/05\/IMG_8667-300x143.jpeg 300w, https:\/\/crazybanthai.com\/wp-content\/uploads\/2026\/05\/IMG_8667-768x366.jpeg 768w, https:\/\/crazybanthai.com\/wp-content\/uploads\/2026\/05\/IMG_8667-18x9.jpeg 18w, https:\/\/crazybanthai.com\/wp-content\/uploads\/2026\/05\/IMG_8667.jpeg 1122w\" sizes=\"auto, (max-width: 1024px) 100vw, 1024px\" \/><figcaption class=\"wp-element-caption\">Cabaret Pacotilles<\/figcaption><\/figure>\n\n\n\n<figure class=\"wp-block-image is-resized\"><a href=\"https:\/\/www.billetweb.fr\/pro\/crazybanthai\" target=\"_blank\"><img decoding=\"async\" src=\"https:\/\/www.billetweb.fr\/images\/buttons\/billetterie_noir.png\" alt=\"R\u00e9server votre place pour le cabaret pacotilles\" style=\"width:400px;height:auto\"\/><\/a><\/figure>\n\n\n\n<p class=\"has-text-align-center\">Une r\u00e9servation en ligne est disponible. <br>Prix des places 20\u20ac Consommation obligatoire<\/p>\n\n\n\n<p class=\"has-text-align-center\">Cliquez sur le bouton <strong><em>Billetterie<\/em><\/strong> ci dessus<\/p>\n\n\n\n<p>Vous pouvez nous contacter par mail ou t\u00e9l\u00e9phone pour obtenir des renseignements.<\/p>\n\n\n\n<p><a href=\"mailto:crazybanthai@gmail.com\">crazybanthai@gmail.com<\/a><\/p>\n\n\n\n<p>+33 6 80 35 73 10 JC <\/p>\n<\/div>\n<\/div>\n<\/div>\n\n\n\n<div class=\"wp-block-group alignfull is-style-ext-preset--group--natural-1--section has-tertiary-background-color has-background has-global-padding is-layout-constrained wp-container-core-group-is-layout-e955bbaf wp-block-group-is-layout-constrained is-style-ext-preset--group--natural-1--section--2\" id=\"evenements\" style=\"margin-top:0;margin-bottom:0;padding-top:var(--wp--preset--spacing--70);padding-bottom:var(--wp--preset--spacing--70)\">\n<div class=\"wp-block-group alignwide is-vertical is-content-justification-center is-layout-flex wp-container-core-group-is-layout-c9ee0c5a wp-block-group-is-layout-flex\">\n<div class=\"wp-block-group has-global-padding is-layout-constrained wp-container-core-group-is-layout-2287c683 wp-block-group-is-layout-constrained\">\n<h2 class=\"wp-block-heading has-text-align-center\">Soir\u00e9es Musicales et Artistiques Uniques<\/h2>\n\n\n\n<p class=\"has-text-align-center\">D\u00e9couvrez nos \u00e9v\u00e9nements exclusifs \u00e0 Crazy Banthai, o\u00f9 musique live et performances artistiques cr\u00e9ent une ambiance inoubliable au c\u0153ur du vieux Nice.<\/p>\n<\/div>\n<\/div>\n<\/div>\n\n\n\n<div class=\"wp-block-group alignfull is-style-ext-preset--group--natural-1--section has-background-background-color has-background has-global-padding is-layout-constrained wp-container-core-group-is-layout-e96f6837 wp-block-group-is-layout-constrained is-style-ext-preset--group--natural-1--section--3\" style=\"margin-top:0;margin-bottom:0;padding-top:0;padding-right:0;padding-bottom:0;padding-left:0\"><\/div>","protected":false},"excerpt":{"rendered":"<p>R\u00e9servez votre Soir\u00e9e au Cabaret Pacotilles les 15 et 16 mai 2026. Spectacle \u00e0 20h30 Accueil d\u00e8s 19h30 Une r\u00e9servation en ligne est disponible. Prix des places 20\u20ac Consommation obligatoire Cliquez sur le bouton Billetterie ci dessus Vous pouvez nous contacter par mail ou t\u00e9l\u00e9phone pour obtenir des renseignements. crazybanthai@gmail.com +33 6 80 35 73 [&hellip;]<\/p>\n","protected":false},"author":1,"featured_media":0,"parent":0,"menu_order":0,"comment_status":"closed","ping_status":"closed","template":"page-with-title","meta":{"footnotes":""},"class_list":["post-32","page","type-page","status-publish","hentry"],"_links":{"self":[{"href":"https:\/\/crazybanthai.com\/en\/wp-json\/wp\/v2\/pages\/32","targetHints":{"allow":["GET"]}}],"collection":[{"href":"https:\/\/crazybanthai.com\/en\/wp-json\/wp\/v2\/pages"}],"about":[{"href":"https:\/\/crazybanthai.com\/en\/wp-json\/wp\/v2\/types\/page"}],"author":[{"embeddable":true,"href":"https:\/\/crazybanthai.com\/en\/wp-json\/wp\/v2\/users\/1"}],"replies":[{"embeddable":true,"href":"https:\/\/crazybanthai.com\/en\/wp-json\/wp\/v2\/comments?post=32"}],"version-history":[{"count":56,"href":"https:\/\/crazybanthai.com\/en\/wp-json\/wp\/v2\/pages\/32\/revisions"}],"predecessor-version":[{"id":546,"href":"https:\/\/crazybanthai.com\/en\/wp-json\/wp\/v2\/pages\/32\/revisions\/546"}],"wp:attachment":[{"href":"https:\/\/crazybanthai.com\/en\/wp-json\/wp\/v2\/media?parent=32"}],"curies":[{"name":"wp","href":"https:\/\/api.w.org\/{rel}","templated":true}]}}