{"id":31,"date":"2026-01-29T19:34:41","date_gmt":"2026-01-29T19:34:41","guid":{"rendered":"https:\/\/crazybanthai.com\/a-propos\/"},"modified":"2026-04-29T17:28:46","modified_gmt":"2026-04-29T16:28:46","slug":"a-propos","status":"publish","type":"page","link":"https:\/\/crazybanthai.com\/en\/a-propos\/","title":{"rendered":"\u00c0 propos"},"content":{"rendered":"<div class=\"wp-block-group alignfull is-style-ext-preset--group--natural-1--section has-background-background-color has-background has-global-padding is-layout-constrained wp-block-group-is-layout-constrained is-style-ext-preset--group--natural-1--section--1\" id=\"a-propos\" style=\"margin-top:0;margin-bottom:0;padding-top:var(--wp--preset--spacing--70);padding-bottom:var(--wp--preset--spacing--70)\">\n<div class=\"wp-block-group alignwide is-vertical is-content-justification-center is-layout-flex wp-container-core-group-is-layout-c9ee0c5a wp-block-group-is-layout-flex\">\n<div class=\"wp-block-group has-global-padding is-layout-constrained wp-container-core-group-is-layout-2287c683 wp-block-group-is-layout-constrained\">\n<h2 class=\"wp-block-heading has-text-align-center\">Plongez dans l&rsquo;univers artistique unique de Nice<\/h2>\n<\/div>\n<\/div>\n<\/div>\n\n\n\n<p>Ce lieu unique sur la French Riviera est tenu par JC Mercier, un  professionnel  du secteur. La partie artistique est assur\u00e9e par  Ruth Levy Benseft, contrebassiste et bassiste incontournable de la r\u00e9gion. L&rsquo;union de leurs exp\u00e9riences et comp\u00e9tences assurent au Crazy Banthai une atmosph\u00e8re paisible et une qualit\u00e9 de service optimum.<\/p>\n\n\n\n<p>Un accueil chaleureux et une attention particuli\u00e8re vous permettra de passer un moment tr\u00e8s agr\u00e9able et un peu hors du temps. Dans ce bar \u00e0 cocktail premium, point de r\u00e9seau ou de wifi, mais une immersion totale et une d\u00e9connexion assur\u00e9e. <\/p>\n\n\n\n<figure class=\"wp-block-image aligncenter size-large is-resized is-style-rounded\"><img loading=\"lazy\" decoding=\"async\" width=\"682\" height=\"1024\" src=\"https:\/\/crazybanthai.com\/wp-content\/uploads\/2026\/04\/1901528b-4466-4d1b-884e-7e053ad64b8e-682x1024.jpg\" alt=\"Ruth Levy benseft\" class=\"wp-image-373\" style=\"aspect-ratio:0.6660162601626016;width:429px;height:auto\" srcset=\"https:\/\/crazybanthai.com\/wp-content\/uploads\/2026\/04\/1901528b-4466-4d1b-884e-7e053ad64b8e-682x1024.jpg 682w, https:\/\/crazybanthai.com\/wp-content\/uploads\/2026\/04\/1901528b-4466-4d1b-884e-7e053ad64b8e-200x300.jpg 200w, https:\/\/crazybanthai.com\/wp-content\/uploads\/2026\/04\/1901528b-4466-4d1b-884e-7e053ad64b8e-768x1153.jpg 768w, https:\/\/crazybanthai.com\/wp-content\/uploads\/2026\/04\/1901528b-4466-4d1b-884e-7e053ad64b8e-1023x1536.jpg 1023w, https:\/\/crazybanthai.com\/wp-content\/uploads\/2026\/04\/1901528b-4466-4d1b-884e-7e053ad64b8e-8x12.jpg 8w, https:\/\/crazybanthai.com\/wp-content\/uploads\/2026\/04\/1901528b-4466-4d1b-884e-7e053ad64b8e.jpg 1066w\" sizes=\"auto, (max-width: 682px) 100vw, 682px\" \/><figcaption class=\"wp-element-caption\">Ruth Levy benseft<\/figcaption><\/figure>\n\n\n\n<figure class=\"wp-block-image aligncenter size-large is-style-rounded\"><img loading=\"lazy\" decoding=\"async\" width=\"1384\" height=\"1038\" src=\"https:\/\/crazybanthai.com\/wp-content\/uploads\/2026\/04\/bar-jc-edited.jpg\" alt=\"JC Mercier\" class=\"wp-image-463\" title=\"JC Mercier\" srcset=\"https:\/\/crazybanthai.com\/wp-content\/uploads\/2026\/04\/bar-jc-edited.jpg 1384w, https:\/\/crazybanthai.com\/wp-content\/uploads\/2026\/04\/bar-jc-edited-300x225.jpg 300w, https:\/\/crazybanthai.com\/wp-content\/uploads\/2026\/04\/bar-jc-edited-1024x768.jpg 1024w, https:\/\/crazybanthai.com\/wp-content\/uploads\/2026\/04\/bar-jc-edited-768x576.jpg 768w, https:\/\/crazybanthai.com\/wp-content\/uploads\/2026\/04\/bar-jc-edited-16x12.jpg 16w\" sizes=\"auto, (max-width: 1384px) 100vw, 1384px\" \/><figcaption class=\"wp-element-caption\">JC Mercier<\/figcaption><\/figure>\n\n\n\n<div class=\"wp-block-group alignfull is-style-ext-preset--group--natural-1--section has-tertiary-background-color has-background has-global-padding is-layout-constrained wp-container-core-group-is-layout-e955bbaf wp-block-group-is-layout-constrained is-style-ext-preset--group--natural-1--section--2\" id=\"fonctionnalites\" style=\"margin-top:0;margin-bottom:0;padding-top:var(--wp--preset--spacing--70);padding-bottom:var(--wp--preset--spacing--70)\">\n<div class=\"wp-block-group alignwide is-vertical is-layout-flex wp-container-core-group-is-layout-c35747d5 wp-block-group-is-layout-flex\">\n<div class=\"wp-block-group has-global-padding is-layout-constrained wp-container-core-group-is-layout-5e05634a wp-block-group-is-layout-constrained\">\n<h2 class=\"wp-block-heading\">Exp\u00e9riences Musicales et Cocktails d&rsquo;Exception<\/h2>\n\n\n\n<p class=\"has-text-align-left\">D\u00e9couvrez un lieu unique o\u00f9 l&rsquo;art et la musique s&rsquo;entrelacent pour offrir des moments inoubliables sur la French Riviera.<\/p>\n<\/div>\n<\/div>\n\n\n\n<div class=\"wp-block-columns alignwide is-layout-flex wp-container-core-columns-is-layout-174606dc wp-block-columns-is-layout-flex\">\n<div class=\"wp-block-column is-vertically-aligned-stretch is-layout-flow wp-container-core-column-is-layout-119bc444 wp-block-column-is-layout-flow\">\n<div class=\"wp-block-cover is-style-ext-preset--image--natural-1--image-1--content-right is-style-ext-preset--image--natural-1--image-1--content-right--3\" style=\"padding-top:0;padding-bottom:0;min-height:100%;aspect-ratio:unset;\"><img loading=\"lazy\" decoding=\"async\" width=\"768\" height=\"1024\" class=\"wp-block-cover__image-background wp-image-364 size-large\" alt=\"\" src=\"https:\/\/crazybanthai.com\/wp-content\/uploads\/2026\/04\/dalida-cocktail-1-768x1024.jpeg\" data-object-fit=\"cover\" srcset=\"https:\/\/crazybanthai.com\/wp-content\/uploads\/2026\/04\/dalida-cocktail-1-768x1024.jpeg 768w, https:\/\/crazybanthai.com\/wp-content\/uploads\/2026\/04\/dalida-cocktail-1-225x300.jpeg 225w, https:\/\/crazybanthai.com\/wp-content\/uploads\/2026\/04\/dalida-cocktail-1-1152x1536.jpeg 1152w, https:\/\/crazybanthai.com\/wp-content\/uploads\/2026\/04\/dalida-cocktail-1-9x12.jpeg 9w, https:\/\/crazybanthai.com\/wp-content\/uploads\/2026\/04\/dalida-cocktail-1.jpeg 1440w\" sizes=\"auto, (max-width: 768px) 100vw, 768px\" \/><span aria-hidden=\"true\" class=\"wp-block-cover__background has-background-dim-0 has-background-dim\" style=\"background-color:#764c40\"><\/span><div class=\"wp-block-cover__inner-container is-layout-flow wp-block-cover-is-layout-flow\">\n<div style=\"height:240px\" aria-hidden=\"true\" class=\"wp-block-spacer\"><\/div>\n<\/div><\/div>\n<\/div>\n\n\n\n<div class=\"wp-block-column is-vertically-aligned-center is-layout-flow wp-block-column-is-layout-flow\">\n<div class=\"wp-block-group is-style-ext-preset--group--natural-1--item-card-1--align-start has-global-padding is-layout-constrained wp-block-group-is-layout-constrained is-style-ext-preset--group--natural-1--item-card-1--align-start--4\">\n<div class=\"wp-block-group is-style-default has-global-padding is-layout-constrained wp-block-group-is-layout-constrained\">\n<div class=\"wp-block-group is-nowrap is-layout-flex wp-container-core-group-is-layout-64fa2afa wp-block-group-is-layout-flex\" style=\"padding-top:0;padding-right:0;padding-bottom:0;padding-left:0\">\n<figure class=\"wp-block-image size-large ext-aspect-landscape wp-duotone-primary-foreground\"><img decoding=\"async\" src=\"data:image\/svg+xml;base64,PHN2ZyB4bWxucz0iaHR0cDovL3d3dy53My5vcmcvMjAwMC9zdmciIHdpZHRoPSI0OCIgaGVpZ2h0PSI0OCIgZmlsbD0iIzAwMDAwMCIgdmlld0JveD0iMCAwIDI1NiAyNTYiPjxwYXRoIGQ9Ik0xNzIsNzZhNDQsNDQsMCwxLDAtNDQsNDRBNDQuMDUsNDQuMDUsMCwwLDAsMTcyLDc2Wm0tNDQsMjhhMjgsMjgsMCwxLDEsMjgtMjhBMjgsMjgsMCwwLDEsMTI4LDEwNFptNjAsMjRhNDQsNDQsMCwxLDAsNDQsNDRBNDQuMDUsNDQuMDUsMCwwLDAsMTg4LDEyOFptMCw3MmEyOCwyOCwwLDEsMSwyOC0yOEEyOCwyOCwwLDAsMSwxODgsMjAwWk02OCwxMjhhNDQsNDQsMCwxLDAsNDQsNDRBNDQuMDUsNDQuMDUsMCwwLDAsNjgsMTI4Wm0wLDcyYTI4LDI4LDAsMSwxLDI4LTI4QTI4LDI4LDAsMCwxLDY4LDIwMFoiPjwvcGF0aD48L3N2Zz4=\" alt=\"\" style=\"object-fit:cover\"\/><\/figure>\n\n\n\n<div class=\"wp-block-group wp-container-content-958eb9dc has-global-padding is-layout-constrained wp-container-core-group-is-layout-c06d165c wp-block-group-is-layout-constrained\" style=\"padding-top:0;padding-right:0;padding-bottom:0;padding-left:0\">\n<h3 class=\"wp-block-heading\">Boissons Exclusives<\/h3>\n\n\n\n<p>Une s\u00e9lection raffin\u00e9e de boissons premium pr\u00e9par\u00e9es avec soin pour \u00e9veiller vos sens.<\/p>\n<\/div>\n<\/div>\n<\/div>\n<\/div>\n\n\n\n<div class=\"wp-block-group is-style-ext-preset--group--natural-1--item-card-1--align-start has-global-padding is-layout-constrained wp-block-group-is-layout-constrained is-style-ext-preset--group--natural-1--item-card-1--align-start--5\">\n<div class=\"wp-block-group is-style-default has-global-padding is-layout-constrained wp-block-group-is-layout-constrained\">\n<div class=\"wp-block-group is-nowrap is-layout-flex wp-container-core-group-is-layout-64fa2afa wp-block-group-is-layout-flex\" style=\"padding-top:0;padding-right:0;padding-bottom:0;padding-left:0\">\n<figure class=\"wp-block-image size-large ext-aspect-landscape wp-duotone-primary-foreground\"><img decoding=\"async\" src=\"data:image\/svg+xml;base64,PHN2ZyB4bWxucz0iaHR0cDovL3d3dy53My5vcmcvMjAwMC9zdmciIHdpZHRoPSI0OCIgaGVpZ2h0PSI0OCIgZmlsbD0iIzAwMDAwMCIgdmlld0JveD0iMCAwIDI1NiAyNTYiPjxwYXRoIGQ9Ik04MCw0MGE0MCw0MCwwLDEsMCw0MCw0MEE0MCw0MCwwLDAsMCw4MCw0MFptMCw2NGEyNCwyNCwwLDEsMSwyNC0yNEEyNCwyNCwwLDAsMSw4MCwxMDRabTk2LDE2YTQwLDQwLDAsMSwwLTQwLTQwQTQwLDQwLDAsMCwwLDE3NiwxMjBabTAtNjRhMjQsMjQsMCwxLDEtMjQsMjRBMjQsMjQsMCwwLDEsMTc2LDU2Wk04MCwxMzZhNDAsNDAsMCwxLDAsNDAsNDBBNDAsNDAsMCwwLDAsODAsMTM2Wm0wLDY0YTI0LDI0LDAsMSwxLDI0LTI0QTI0LDI0LDAsMCwxLDgwLDIwMFptOTYtNjRhNDAsNDAsMCwxLDAsNDAsNDBBNDAsNDAsMCwwLDAsMTc2LDEzNlptMCw2NGEyNCwyNCwwLDEsMSwyNC0yNEEyNCwyNCwwLDAsMSwxNzYsMjAwWiI+PC9wYXRoPjwvc3ZnPg==\" alt=\"\" style=\"object-fit:cover\"\/><\/figure>\n\n\n\n<div class=\"wp-block-group wp-container-content-958eb9dc has-global-padding is-layout-constrained wp-container-core-group-is-layout-c06d165c wp-block-group-is-layout-constrained\" style=\"padding-top:0;padding-right:0;padding-bottom:0;padding-left:0\">\n<h3 class=\"wp-block-heading\">Spectacles Cabaret<\/h3>\n\n\n\n<p>Le Cabaret du Crazy propose des shows vivants m\u00ealant lumi\u00e8re et musique pour une ambiance magique.<\/p>\n<\/div>\n<\/div>\n<\/div>\n<\/div>\n\n\n\n<div class=\"wp-block-group is-style-ext-preset--group--natural-1--item-card-1--align-start has-global-padding is-layout-constrained wp-block-group-is-layout-constrained is-style-ext-preset--group--natural-1--item-card-1--align-start--6\">\n<div class=\"wp-block-group is-style-default has-global-padding is-layout-constrained wp-block-group-is-layout-constrained\">\n<div class=\"wp-block-group is-nowrap is-layout-flex wp-container-core-group-is-layout-64fa2afa wp-block-group-is-layout-flex\" style=\"padding-top:0;padding-right:0;padding-bottom:0;padding-left:0\">\n<figure class=\"wp-block-image size-large ext-aspect-landscape wp-duotone-primary-foreground\"><img decoding=\"async\" src=\"data:image\/svg+xml;base64,PHN2ZyB4bWxucz0iaHR0cDovL3d3dy53My5vcmcvMjAwMC9zdmciIHdpZHRoPSI0OCIgaGVpZ2h0PSI0OCIgZmlsbD0iIzAwMDAwMCIgdmlld0JveD0iMCAwIDI1NiAyNTYiPjxwYXRoIGQ9Ik04MCw0MGE0MCw0MCwwLDEsMCw0MCw0MEE0MCw0MCwwLDAsMCw4MCw0MFptMCw2NGEyNCwyNCwwLDEsMSwyNC0yNEEyNCwyNCwwLDAsMSw4MCwxMDRabTk2LDE2YTQwLDQwLDAsMSwwLTQwLTQwQTQwLDQwLDAsMCwwLDE3NiwxMjBabTAtNjRhMjQsMjQsMCwxLDEtMjQsMjRBMjQsMjQsMCwwLDEsMTc2LDU2Wk04MCwxMzZhNDAsNDAsMCwxLDAsNDAsNDBBNDAsNDAsMCwwLDAsODAsMTM2Wm0wLDY0YTI0LDI0LDAsMSwxLDI0LTI0QTI0LDI0LDAsMCwxLDgwLDIwMFptMTM2LTI0YTgsOCwwLDAsMS04LDhIMTg0djI0YTgsOCwwLDAsMS0xNiwwVjE4NEgxNDRhOCw4LDAsMCwxLDAtMTZoMjRWMTQ0YTgsOCwwLDAsMSwxNiwwdjI0aDI0QTgsOCwwLDAsMSwyMTYsMTc2WiI+PC9wYXRoPjwvc3ZnPg==\" alt=\"\" style=\"object-fit:cover\"\/><\/figure>\n\n\n\n<div class=\"wp-block-group wp-container-content-958eb9dc has-global-padding is-layout-constrained wp-container-core-group-is-layout-c06d165c wp-block-group-is-layout-constrained\" style=\"padding-top:0;padding-right:0;padding-bottom:0;padding-left:0\">\n<h3 class=\"wp-block-heading\">Ambiance Artistique<\/h3>\n\n\n\n<p>Un cadre original et unique au c\u0153ur du vieux Nice, d\u00e9di\u00e9 \u00e0 la cr\u00e9ativit\u00e9 et \u00e0 la d\u00e9couverte artistique.<\/p>\n<\/div>\n<\/div>\n<\/div>\n<\/div>\n<\/div>\n<\/div>\n<\/div>\n\n\n\n<div class=\"wp-block-group alignfull is-style-ext-preset--group--natural-1--section has-background-background-color has-background has-global-padding is-layout-constrained wp-container-core-group-is-layout-f72f1611 wp-block-group-is-layout-constrained is-style-ext-preset--group--natural-1--section--7\" id=\"galerie\" style=\"margin-top:0;margin-bottom:0;padding-top:var(--wp--preset--spacing--70);padding-bottom:var(--wp--preset--spacing--70)\">\n<div class=\"wp-block-group alignwide is-vertical is-layout-flex wp-container-core-group-is-layout-c35747d5 wp-block-group-is-layout-flex\">\n<div class=\"wp-block-group has-global-padding is-layout-constrained wp-container-core-group-is-layout-5e05634a wp-block-group-is-layout-constrained\">\n<h2 class=\"wp-block-heading\">D\u00e9couvrez l&rsquo;ambiance singuli\u00e8re du Crazy Banthai<\/h2>\n\n\n\n<p class=\"has-text-align-left\">Explorez une galerie exclusive capturant l&rsquo;\u00e2me vibrante de notre bar musical et artistique.<\/p>\n<\/div>\n<\/div>\n\n\n\n<div class=\"wp-block-columns alignwide are-vertically-aligned-top is-layout-flex wp-container-core-columns-is-layout-87beb0d0 wp-block-columns-is-layout-flex\">\n<div class=\"wp-block-column is-vertically-aligned-top is-layout-flow wp-container-core-column-is-layout-f5bb311e wp-block-column-is-layout-flow\">\n<figure class=\"wp-block-image size-full is-style-ext-preset--image--natural-1--image-1--content-top is-style-ext-preset--image--natural-1--image-1--content-top--8\"><img loading=\"lazy\" decoding=\"async\" width=\"2560\" height=\"1920\" src=\"https:\/\/crazybanthai.com\/wp-content\/uploads\/2026\/04\/cave-crazy-2-scaled.jpg\" alt=\"\" class=\"wp-image-377\" style=\"aspect-ratio:1;object-fit:cover\" srcset=\"https:\/\/crazybanthai.com\/wp-content\/uploads\/2026\/04\/cave-crazy-2-scaled.jpg 2560w, https:\/\/crazybanthai.com\/wp-content\/uploads\/2026\/04\/cave-crazy-2-300x225.jpg 300w, https:\/\/crazybanthai.com\/wp-content\/uploads\/2026\/04\/cave-crazy-2-1024x768.jpg 1024w, https:\/\/crazybanthai.com\/wp-content\/uploads\/2026\/04\/cave-crazy-2-768x576.jpg 768w, https:\/\/crazybanthai.com\/wp-content\/uploads\/2026\/04\/cave-crazy-2-1536x1152.jpg 1536w, https:\/\/crazybanthai.com\/wp-content\/uploads\/2026\/04\/cave-crazy-2-2048x1536.jpg 2048w, https:\/\/crazybanthai.com\/wp-content\/uploads\/2026\/04\/cave-crazy-2-16x12.jpg 16w\" sizes=\"auto, (max-width: 2560px) 100vw, 2560px\" \/><\/figure>\n\n\n\n<figure class=\"wp-block-image size-full is-style-ext-preset--image--natural-1--image-1--content-top is-style-ext-preset--image--natural-1--image-1--content-top--9\"><img loading=\"lazy\" decoding=\"async\" width=\"1920\" height=\"2560\" src=\"https:\/\/crazybanthai.com\/wp-content\/uploads\/2026\/04\/bouddah-scaled.jpg\" alt=\"\" class=\"wp-image-371\" style=\"aspect-ratio:1;object-fit:cover\" srcset=\"https:\/\/crazybanthai.com\/wp-content\/uploads\/2026\/04\/bouddah-scaled.jpg 1920w, https:\/\/crazybanthai.com\/wp-content\/uploads\/2026\/04\/bouddah-225x300.jpg 225w, https:\/\/crazybanthai.com\/wp-content\/uploads\/2026\/04\/bouddah-768x1024.jpg 768w, https:\/\/crazybanthai.com\/wp-content\/uploads\/2026\/04\/bouddah-1152x1536.jpg 1152w, https:\/\/crazybanthai.com\/wp-content\/uploads\/2026\/04\/bouddah-1536x2048.jpg 1536w, https:\/\/crazybanthai.com\/wp-content\/uploads\/2026\/04\/bouddah-9x12.jpg 9w\" sizes=\"auto, (max-width: 1920px) 100vw, 1920px\" \/><\/figure>\n<\/div>\n\n\n\n<div class=\"wp-block-column is-vertically-aligned-top is-layout-flow wp-container-core-column-is-layout-f5bb311e wp-block-column-is-layout-flow\">\n<figure class=\"wp-block-image size-full is-style-ext-preset--image--natural-1--image-1--content-top is-style-ext-preset--image--natural-1--image-1--content-top--10\"><img loading=\"lazy\" decoding=\"async\" width=\"847\" height=\"1022\" src=\"https:\/\/crazybanthai.com\/wp-content\/uploads\/2026\/04\/soiree-jazz.jpg\" alt=\"\" class=\"wp-image-379\" style=\"aspect-ratio:1;object-fit:cover\" srcset=\"https:\/\/crazybanthai.com\/wp-content\/uploads\/2026\/04\/soiree-jazz.jpg 847w, https:\/\/crazybanthai.com\/wp-content\/uploads\/2026\/04\/soiree-jazz-249x300.jpg 249w, https:\/\/crazybanthai.com\/wp-content\/uploads\/2026\/04\/soiree-jazz-768x927.jpg 768w, https:\/\/crazybanthai.com\/wp-content\/uploads\/2026\/04\/soiree-jazz-10x12.jpg 10w\" sizes=\"auto, (max-width: 847px) 100vw, 847px\" \/><\/figure>\n\n\n\n<figure class=\"wp-block-image size-large is-style-ext-preset--image--natural-1--image-1--content-top is-style-ext-preset--image--natural-1--image-1--content-top--11\"><img loading=\"lazy\" decoding=\"async\" width=\"531\" height=\"1024\" src=\"https:\/\/crazybanthai.com\/wp-content\/uploads\/2026\/01\/2441D04E-99F0-4A35-8E5F-DD5E2ECBBC20-531x1024.jpeg\" alt=\"\" class=\"wp-image-183\" style=\"aspect-ratio:1;object-fit:cover\" srcset=\"https:\/\/crazybanthai.com\/wp-content\/uploads\/2026\/01\/2441D04E-99F0-4A35-8E5F-DD5E2ECBBC20-531x1024.jpeg 531w, https:\/\/crazybanthai.com\/wp-content\/uploads\/2026\/01\/2441D04E-99F0-4A35-8E5F-DD5E2ECBBC20-155x300.jpeg 155w, https:\/\/crazybanthai.com\/wp-content\/uploads\/2026\/01\/2441D04E-99F0-4A35-8E5F-DD5E2ECBBC20-6x12.jpeg 6w, https:\/\/crazybanthai.com\/wp-content\/uploads\/2026\/01\/2441D04E-99F0-4A35-8E5F-DD5E2ECBBC20.jpeg 626w\" sizes=\"auto, (max-width: 531px) 100vw, 531px\" \/><\/figure>\n<\/div>\n\n\n\n<div class=\"wp-block-column is-vertically-aligned-top is-layout-flow wp-container-core-column-is-layout-f5bb311e wp-block-column-is-layout-flow\">\n<figure class=\"wp-block-image size-large is-style-ext-preset--image--natural-1--image-1--content-top is-style-ext-preset--image--natural-1--image-1--content-top--12\"><img loading=\"lazy\" decoding=\"async\" width=\"794\" height=\"1024\" src=\"https:\/\/crazybanthai.com\/wp-content\/uploads\/2026\/04\/7fc998b0-cfcd-42c8-bdea-ab3dc4a2621f-794x1024.jpg\" alt=\"\" class=\"wp-image-367\" style=\"aspect-ratio:1;object-fit:cover\" srcset=\"https:\/\/crazybanthai.com\/wp-content\/uploads\/2026\/04\/7fc998b0-cfcd-42c8-bdea-ab3dc4a2621f-794x1024.jpg 794w, https:\/\/crazybanthai.com\/wp-content\/uploads\/2026\/04\/7fc998b0-cfcd-42c8-bdea-ab3dc4a2621f-233x300.jpg 233w, https:\/\/crazybanthai.com\/wp-content\/uploads\/2026\/04\/7fc998b0-cfcd-42c8-bdea-ab3dc4a2621f-768x991.jpg 768w, https:\/\/crazybanthai.com\/wp-content\/uploads\/2026\/04\/7fc998b0-cfcd-42c8-bdea-ab3dc4a2621f-1190x1536.jpg 1190w, https:\/\/crazybanthai.com\/wp-content\/uploads\/2026\/04\/7fc998b0-cfcd-42c8-bdea-ab3dc4a2621f-9x12.jpg 9w, https:\/\/crazybanthai.com\/wp-content\/uploads\/2026\/04\/7fc998b0-cfcd-42c8-bdea-ab3dc4a2621f.jpg 1240w\" sizes=\"auto, (max-width: 794px) 100vw, 794px\" \/><\/figure>\n\n\n\n<figure class=\"wp-block-image size-large is-style-ext-preset--image--natural-1--image-1--content-top is-style-ext-preset--image--natural-1--image-1--content-top--13\"><img loading=\"lazy\" decoding=\"async\" width=\"768\" height=\"1024\" src=\"https:\/\/crazybanthai.com\/wp-content\/uploads\/2026\/04\/kevin-saura-768x1024.jpg\" alt=\"\" class=\"wp-image-381\" style=\"aspect-ratio:1;object-fit:cover\" srcset=\"https:\/\/crazybanthai.com\/wp-content\/uploads\/2026\/04\/kevin-saura-768x1024.jpg 768w, https:\/\/crazybanthai.com\/wp-content\/uploads\/2026\/04\/kevin-saura-225x300.jpg 225w, https:\/\/crazybanthai.com\/wp-content\/uploads\/2026\/04\/kevin-saura-1152x1536.jpg 1152w, https:\/\/crazybanthai.com\/wp-content\/uploads\/2026\/04\/kevin-saura-9x12.jpg 9w, https:\/\/crazybanthai.com\/wp-content\/uploads\/2026\/04\/kevin-saura.jpg 1536w\" sizes=\"auto, (max-width: 768px) 100vw, 768px\" \/><\/figure>\n<\/div>\n\n\n\n<div class=\"wp-block-column is-vertically-aligned-top is-layout-flow wp-container-core-column-is-layout-f5bb311e wp-block-column-is-layout-flow\">\n<figure class=\"wp-block-image size-large is-style-ext-preset--image--natural-1--image-1--content-top is-style-ext-preset--image--natural-1--image-1--content-top--14\"><img loading=\"lazy\" decoding=\"async\" width=\"1024\" height=\"954\" src=\"https:\/\/crazybanthai.com\/wp-content\/uploads\/2026\/01\/logo-crazy-fiondtransparent-1024x954.png\" alt=\"\" class=\"wp-image-47\" style=\"aspect-ratio:1;object-fit:cover\" srcset=\"https:\/\/crazybanthai.com\/wp-content\/uploads\/2026\/01\/logo-crazy-fiondtransparent-1024x954.png 1024w, https:\/\/crazybanthai.com\/wp-content\/uploads\/2026\/01\/logo-crazy-fiondtransparent-300x279.png 300w, https:\/\/crazybanthai.com\/wp-content\/uploads\/2026\/01\/logo-crazy-fiondtransparent-768x715.png 768w, https:\/\/crazybanthai.com\/wp-content\/uploads\/2026\/01\/logo-crazy-fiondtransparent-1536x1431.png 1536w, https:\/\/crazybanthai.com\/wp-content\/uploads\/2026\/01\/logo-crazy-fiondtransparent-2048x1907.png 2048w, https:\/\/crazybanthai.com\/wp-content\/uploads\/2026\/01\/logo-crazy-fiondtransparent-13x12.png 13w\" sizes=\"auto, (max-width: 1024px) 100vw, 1024px\" \/><\/figure>\n\n\n\n<figure class=\"wp-block-image size-large is-style-ext-preset--image--natural-1--image-1--content-top is-style-ext-preset--image--natural-1--image-1--content-top--15\"><img loading=\"lazy\" decoding=\"async\" width=\"682\" height=\"1024\" src=\"https:\/\/crazybanthai.com\/wp-content\/uploads\/2026\/04\/1901528b-4466-4d1b-884e-7e053ad64b8e-682x1024.jpg\" alt=\"\" class=\"wp-image-373\" style=\"aspect-ratio:1;object-fit:cover\" srcset=\"https:\/\/crazybanthai.com\/wp-content\/uploads\/2026\/04\/1901528b-4466-4d1b-884e-7e053ad64b8e-682x1024.jpg 682w, https:\/\/crazybanthai.com\/wp-content\/uploads\/2026\/04\/1901528b-4466-4d1b-884e-7e053ad64b8e-200x300.jpg 200w, https:\/\/crazybanthai.com\/wp-content\/uploads\/2026\/04\/1901528b-4466-4d1b-884e-7e053ad64b8e-768x1153.jpg 768w, https:\/\/crazybanthai.com\/wp-content\/uploads\/2026\/04\/1901528b-4466-4d1b-884e-7e053ad64b8e-1023x1536.jpg 1023w, https:\/\/crazybanthai.com\/wp-content\/uploads\/2026\/04\/1901528b-4466-4d1b-884e-7e053ad64b8e-8x12.jpg 8w, https:\/\/crazybanthai.com\/wp-content\/uploads\/2026\/04\/1901528b-4466-4d1b-884e-7e053ad64b8e.jpg 1066w\" sizes=\"auto, (max-width: 682px) 100vw, 682px\" \/><\/figure>\n<\/div>\n<\/div>\n<\/div>","protected":false},"excerpt":{"rendered":"<p>Plongez dans l&rsquo;univers artistique unique de Nice Ce lieu unique sur la French Riviera est tenu par JC Mercier, un professionnel du secteur. La partie artistique est assur\u00e9e par Ruth Levy Benseft, contrebassiste et bassiste incontournable de la r\u00e9gion. L&rsquo;union de leurs exp\u00e9riences et comp\u00e9tences assurent au Crazy Banthai une atmosph\u00e8re paisible et une qualit\u00e9 [&hellip;]<\/p>\n","protected":false},"author":1,"featured_media":0,"parent":0,"menu_order":0,"comment_status":"closed","ping_status":"closed","template":"page-with-title","meta":{"footnotes":""},"class_list":["post-31","page","type-page","status-publish","hentry"],"_links":{"self":[{"href":"https:\/\/crazybanthai.com\/en\/wp-json\/wp\/v2\/pages\/31","targetHints":{"allow":["GET"]}}],"collection":[{"href":"https:\/\/crazybanthai.com\/en\/wp-json\/wp\/v2\/pages"}],"about":[{"href":"https:\/\/crazybanthai.com\/en\/wp-json\/wp\/v2\/types\/page"}],"author":[{"embeddable":true,"href":"https:\/\/crazybanthai.com\/en\/wp-json\/wp\/v2\/users\/1"}],"replies":[{"embeddable":true,"href":"https:\/\/crazybanthai.com\/en\/wp-json\/wp\/v2\/comments?post=31"}],"version-history":[{"count":70,"href":"https:\/\/crazybanthai.com\/en\/wp-json\/wp\/v2\/pages\/31\/revisions"}],"predecessor-version":[{"id":464,"href":"https:\/\/crazybanthai.com\/en\/wp-json\/wp\/v2\/pages\/31\/revisions\/464"}],"wp:attachment":[{"href":"https:\/\/crazybanthai.com\/en\/wp-json\/wp\/v2\/media?parent=31"}],"curies":[{"name":"wp","href":"https:\/\/api.w.org\/{rel}","templated":true}]}}