{"id":115,"date":"2026-01-30T09:48:06","date_gmt":"2026-01-30T09:48:06","guid":{"rendered":"https:\/\/crazybanthai.com\/programme\/"},"modified":"2026-04-29T17:15:15","modified_gmt":"2026-04-29T16:15:15","slug":"programme","status":"publish","type":"page","link":"https:\/\/crazybanthai.com\/en\/programme\/","title":{"rendered":"Programme"},"content":{"rendered":"<p>Le programme est mis \u00e0 jour r\u00e9guli\u00e8rement retrouvez le sur nos r\u00e9seaux sociaux.<\/p>\n\n\n\n<p><a href=\"https:\/\/www.facebook.com\/Crazybanthai\" target=\"_blank\" rel=\"noreferrer noopener\">https:\/\/www.facebook.com\/Crazybanthai<\/a><\/p>\n\n\n\n<p><a href=\"https:\/\/www.instagram.com\/crazybanthai\" target=\"_blank\" rel=\"noreferrer noopener\">https:\/\/www.instagram.com\/crazybanthai<\/a><\/p>","protected":false},"excerpt":{"rendered":"<p>Le programme est mis \u00e0 jour r\u00e9guli\u00e8rement retrouvez le sur nos r\u00e9seaux sociaux. https:\/\/www.facebook.com\/Crazybanthai https:\/\/www.instagram.com\/crazybanthai<\/p>","protected":false},"author":1,"featured_media":0,"parent":0,"menu_order":0,"comment_status":"closed","ping_status":"closed","template":"page-with-title","meta":{"footnotes":""},"class_list":["post-115","page","type-page","status-publish","hentry"],"_links":{"self":[{"href":"https:\/\/crazybanthai.com\/en\/wp-json\/wp\/v2\/pages\/115","targetHints":{"allow":["GET"]}}],"collection":[{"href":"https:\/\/crazybanthai.com\/en\/wp-json\/wp\/v2\/pages"}],"about":[{"href":"https:\/\/crazybanthai.com\/en\/wp-json\/wp\/v2\/types\/page"}],"author":[{"embeddable":true,"href":"https:\/\/crazybanthai.com\/en\/wp-json\/wp\/v2\/users\/1"}],"replies":[{"embeddable":true,"href":"https:\/\/crazybanthai.com\/en\/wp-json\/wp\/v2\/comments?post=115"}],"version-history":[{"count":41,"href":"https:\/\/crazybanthai.com\/en\/wp-json\/wp\/v2\/pages\/115\/revisions"}],"predecessor-version":[{"id":483,"href":"https:\/\/crazybanthai.com\/en\/wp-json\/wp\/v2\/pages\/115\/revisions\/483"}],"wp:attachment":[{"href":"https:\/\/crazybanthai.com\/en\/wp-json\/wp\/v2\/media?parent=115"}],"curies":[{"name":"wp","href":"https:\/\/api.w.org\/{rel}","templated":true}]}}